{"id":132443,"date":"2023-10-30T11:33:19","date_gmt":"2023-10-30T09:33:19","guid":{"rendered":"https:\/\/light24.ee\/?post_type=product&#038;p=132443"},"modified":"2025-01-20T20:55:09","modified_gmt":"2025-01-20T18:55:09","slug":"white-pearl-2-s","status":"publish","type":"product","link":"https:\/\/light24.lv\/en\/toode\/siseruumide_valgustid\/rippvalgustid\/white-pearl-2-s\/","title":{"rendered":"Aldex WHITE PEARL S 2*E14"},"content":{"rendered":"","protected":false},"excerpt":{"rendered":"<p>COMO is a modern pendant lamp, ideal for hanging individually or in a row<\/p>\n","protected":false},"featured_media":142009,"comment_status":"closed","ping_status":"closed","template":"","meta":{"_acf_changed":false},"product_cat":[7280,249],"product_tag":[347],"class_list":{"0":"post-132443","1":"product","2":"type-product","3":"status-publish","4":"has-post-thumbnail","6":"product_cat-siseruumide_valgustid","7":"product_cat-seinavalgustid","8":"product_tag-aldex","9":"product_shipping_class-small","10":"pa_materjal-metall","11":"pa_materjal-klaas","12":"pa_ruumid-elutuba","13":"pa_ruumid-soogituba","14":"pa_ruumid-magamistuba","15":"pa_ruumid-esik_ja_trepihall","16":"pa_ruumid-hotellid-ja-restoranid","17":"pa_tarneaeg-2-3-nadalat","18":"pa_tehnilised-andmed-28w-led-e14","19":"pa_varv-vaskne","21":"first","22":"instock","23":"taxable","24":"shipping-taxable","25":"purchasable","26":"product-type-simple"},"acf":[],"aioseo_notices":[],"aioseo_head":"\n\t\t<!-- All in One SEO Pro 4.9.6.2 - aioseo.com -->\n\t<meta name=\"description\" content=\"COMO is a modern pendant lamp, ideal for hanging individually or in a row\" \/>\n\t<meta name=\"robots\" content=\"max-image-preview:large\" \/>\n\t<meta name=\"google-site-verification\" content=\"nxgDPK3Ouk6bwvuxlwlzeMOKszmf-8m57RDu5zAgN-Y\" \/>\n\t<link rel=\"canonical\" href=\"https:\/\/light24.lv\/en\/toode\/siseruumide_valgustid\/rippvalgustid\/white-pearl-2-s\/\" \/>\n\t<meta name=\"generator\" content=\"All in One SEO Pro (AIOSEO) 4.9.6.2\" \/>\n\t\t<meta property=\"og:locale\" content=\"en_US\" \/>\n\t\t<meta property=\"og:site_name\" content=\"Light24 \u2022 Lighting fixtures | Indoor lighting and outdoor lighting\" \/>\n\t\t<meta property=\"og:type\" content=\"article\" \/>\n\t\t<meta property=\"og:title\" content=\"Aldex WHITE PEARL S 2*E14 \u2022 Light24\" \/>\n\t\t<meta property=\"og:description\" content=\"COMO is a modern pendant lamp, ideal for hanging individually or in a row\" \/>\n\t\t<meta property=\"og:url\" content=\"https:\/\/light24.lv\/en\/toode\/siseruumide_valgustid\/rippvalgustid\/white-pearl-2-s\/\" \/>\n\t\t<meta property=\"og:image\" content=\"https:\/\/light24.lv\/wp-content\/uploads\/2023\/10\/whitepearls_.jpg\" \/>\n\t\t<meta property=\"og:image:secure_url\" content=\"https:\/\/light24.lv\/wp-content\/uploads\/2023\/10\/whitepearls_.jpg\" \/>\n\t\t<meta property=\"og:image:width\" content=\"900\" \/>\n\t\t<meta property=\"og:image:height\" content=\"900\" \/>\n\t\t<meta property=\"article:published_time\" content=\"2023-10-30T09:33:19+00:00\" \/>\n\t\t<meta property=\"article:modified_time\" content=\"2025-01-20T18:55:09+00:00\" \/>\n\t\t<meta property=\"article:publisher\" content=\"https:\/\/www.facebook.com\/light24.ee\" \/>\n\t\t<meta name=\"twitter:card\" content=\"summary\" \/>\n\t\t<meta name=\"twitter:title\" content=\"Aldex WHITE PEARL S 2*E14 \u2022 Light24\" \/>\n\t\t<meta name=\"twitter:description\" content=\"COMO is a modern pendant lamp, ideal for hanging individually or in a row\" \/>\n\t\t<meta name=\"twitter:image\" content=\"https:\/\/light24.lv\/wp-content\/uploads\/2023\/10\/whitepearls_.jpg\" \/>\n\t\t<script type=\"application\/ld+json\" class=\"aioseo-schema\">\n\t\t\t{\"@context\":\"https:\\\/\\\/schema.org\",\"@graph\":[{\"@type\":\"BreadcrumbList\",\"@id\":\"https:\\\/\\\/light24.lv\\\/en\\\/toode\\\/siseruumide_valgustid\\\/rippvalgustid\\\/white-pearl-2-s\\\/#breadcrumblist\",\"itemListElement\":[{\"@type\":\"ListItem\",\"@id\":\"https:\\\/\\\/light24.lv\\\/en#listItem\",\"position\":1,\"name\":\"Home\",\"item\":\"https:\\\/\\\/light24.lv\\\/en\",\"nextItem\":{\"@type\":\"ListItem\",\"@id\":\"https:\\\/\\\/light24.lv\\\/en\\\/shop\\\/#listItem\",\"name\":\"E-shop\"}},{\"@type\":\"ListItem\",\"@id\":\"https:\\\/\\\/light24.lv\\\/en\\\/shop\\\/#listItem\",\"position\":2,\"name\":\"E-shop\",\"item\":\"https:\\\/\\\/light24.lv\\\/en\\\/shop\\\/\",\"nextItem\":{\"@type\":\"ListItem\",\"@id\":\"https:\\\/\\\/light24.lv\\\/en\\\/product-category\\\/siseruumide_valgustid\\\/#listItem\",\"name\":\"Indoor lighting\"},\"previousItem\":{\"@type\":\"ListItem\",\"@id\":\"https:\\\/\\\/light24.lv\\\/en#listItem\",\"name\":\"Home\"}},{\"@type\":\"ListItem\",\"@id\":\"https:\\\/\\\/light24.lv\\\/en\\\/product-category\\\/siseruumide_valgustid\\\/#listItem\",\"position\":3,\"name\":\"Indoor lighting\",\"item\":\"https:\\\/\\\/light24.lv\\\/en\\\/product-category\\\/siseruumide_valgustid\\\/\",\"nextItem\":{\"@type\":\"ListItem\",\"@id\":\"https:\\\/\\\/light24.lv\\\/en\\\/product-category\\\/siseruumide_valgustid\\\/seinavalgustid\\\/#listItem\",\"name\":\"Wall lights\"},\"previousItem\":{\"@type\":\"ListItem\",\"@id\":\"https:\\\/\\\/light24.lv\\\/en\\\/shop\\\/#listItem\",\"name\":\"E-shop\"}},{\"@type\":\"ListItem\",\"@id\":\"https:\\\/\\\/light24.lv\\\/en\\\/product-category\\\/siseruumide_valgustid\\\/seinavalgustid\\\/#listItem\",\"position\":4,\"name\":\"Wall lights\",\"item\":\"https:\\\/\\\/light24.lv\\\/en\\\/product-category\\\/siseruumide_valgustid\\\/seinavalgustid\\\/\",\"nextItem\":{\"@type\":\"ListItem\",\"@id\":\"https:\\\/\\\/light24.lv\\\/en\\\/toode\\\/siseruumide_valgustid\\\/rippvalgustid\\\/white-pearl-2-s\\\/#listItem\",\"name\":\"Aldex WHITE PEARL S 2*E14\"},\"previousItem\":{\"@type\":\"ListItem\",\"@id\":\"https:\\\/\\\/light24.lv\\\/en\\\/product-category\\\/siseruumide_valgustid\\\/#listItem\",\"name\":\"Indoor lighting\"}},{\"@type\":\"ListItem\",\"@id\":\"https:\\\/\\\/light24.lv\\\/en\\\/toode\\\/siseruumide_valgustid\\\/rippvalgustid\\\/white-pearl-2-s\\\/#listItem\",\"position\":5,\"name\":\"Aldex WHITE PEARL S 2*E14\",\"previousItem\":{\"@type\":\"ListItem\",\"@id\":\"https:\\\/\\\/light24.lv\\\/en\\\/product-category\\\/siseruumide_valgustid\\\/seinavalgustid\\\/#listItem\",\"name\":\"Wall lights\"}}]},{\"@type\":\"Organization\",\"@id\":\"https:\\\/\\\/light24.lv\\\/en\\\/#organization\",\"name\":\"Light24\",\"description\":\"Lighting fixtures | Indoor lighting and outdoor lighting\",\"url\":\"https:\\\/\\\/light24.lv\\\/en\\\/\",\"telephone\":\"+3725184133\",\"logo\":{\"@type\":\"ImageObject\",\"url\":\"https:\\\/\\\/www.light24.ee\\\/wp-content\\\/uploads\\\/2022\\\/03\\\/Shape-2-3.svg\",\"@id\":\"https:\\\/\\\/light24.lv\\\/en\\\/toode\\\/siseruumide_valgustid\\\/rippvalgustid\\\/white-pearl-2-s\\\/#organizationLogo\"},\"image\":{\"@id\":\"https:\\\/\\\/light24.lv\\\/en\\\/toode\\\/siseruumide_valgustid\\\/rippvalgustid\\\/white-pearl-2-s\\\/#organizationLogo\"},\"sameAs\":[\"https:\\\/\\\/www.facebook.com\\\/light24.ee\",\"https:\\\/\\\/www.instagram.com\\\/light24official\\\/\"]},{\"@type\":\"Product\",\"@id\":\"https:\\\/\\\/light24.lv\\\/en\\\/toode\\\/siseruumide_valgustid\\\/rippvalgustid\\\/white-pearl-2-s\\\/#wooCommerceProduct\",\"name\":\"Aldex WHITE PEARL S 2*E14\",\"description\":\"[:et]COMO on kaasaegne rippvalgusti, mis sobib ideaalselt \\u00fcksikult v\\u00f5i k\\u00f5rvuti reas riputamiseks[:en]COMO is a modern pendant lamp, ideal for hanging individually or in a row[:ru]COMO \\u2014 \\u0441\\u043e\\u0432\\u0440\\u0435\\u043c\\u0435\\u043d\\u043d\\u044b\\u0439 \\u043f\\u043e\\u0434\\u0432\\u0435\\u0441\\u043d\\u043e\\u0439 \\u0441\\u0432\\u0435\\u0442\\u0438\\u043b\\u044c\\u043d\\u0438\\u043a, \\u0438\\u0434\\u0435\\u0430\\u043b\\u044c\\u043d\\u043e \\u043f\\u043e\\u0434\\u0445\\u043e\\u0434\\u044f\\u0449\\u0438\\u0439 \\u0434\\u043b\\u044f \\u043f\\u043e\\u0434\\u0432\\u0435\\u0448\\u0438\\u0432\\u0430\\u043d\\u0438\\u044f \\u043f\\u043e \\u043e\\u0442\\u0434\\u0435\\u043b\\u044c\\u043d\\u043e\\u0441\\u0442\\u0438 \\u0438\\u043b\\u0438 \\u0432 \\u0440\\u044f\\u0434.[:fi]COMO on moderni riippuvalaisin, joka sopii erinomaisesti ripustettavaksi erikseen tai per\\u00e4kk\\u00e4in[:lv]COMO ir moderna piekarin\\u0101ma lampa, kas ide\\u0101li piem\\u0113rota pakarin\\u0101\\u0161anai atsevi\\u0161\\u0137i vai rind\\u0101[:]\",\"url\":\"https:\\\/\\\/light24.lv\\\/en\\\/toode\\\/siseruumide_valgustid\\\/rippvalgustid\\\/white-pearl-2-s\\\/\",\"sku\":\"ALD221205\",\"image\":{\"@type\":\"ImageObject\",\"url\":\"https:\\\/\\\/light24.lv\\\/wp-content\\\/uploads\\\/2023\\\/10\\\/whitepearls_.jpg\",\"@id\":\"https:\\\/\\\/light24.lv\\\/en\\\/toode\\\/siseruumide_valgustid\\\/rippvalgustid\\\/white-pearl-2-s\\\/#productImage\",\"width\":900,\"height\":900},\"offers\":{\"@type\":\"Offer\",\"url\":\"https:\\\/\\\/light24.lv\\\/en\\\/toode\\\/siseruumide_valgustid\\\/rippvalgustid\\\/white-pearl-2-s\\\/#wooCommerceOffer\",\"price\":227,\"priceCurrency\":\"EUR\",\"category\":\"Indoor lighting\",\"availability\":\"https:\\\/\\\/schema.org\\\/InStock\",\"priceSpecification\":{\"@type\":\"PriceSpecification\",\"price\":227,\"priceCurrency\":\"EUR\",\"valueAddedTaxIncluded\":\"true\"},\"seller\":{\"@type\":\"Organization\",\"@id\":\"https:\\\/\\\/light24.lv\\\/en\\\/#organization\"}}},{\"@type\":\"WebPage\",\"@id\":\"https:\\\/\\\/light24.lv\\\/en\\\/toode\\\/siseruumide_valgustid\\\/rippvalgustid\\\/white-pearl-2-s\\\/#webpage\",\"url\":\"https:\\\/\\\/light24.lv\\\/en\\\/toode\\\/siseruumide_valgustid\\\/rippvalgustid\\\/white-pearl-2-s\\\/\",\"name\":\"Aldex WHITE PEARL S 2*E14 \\u2022 Light24\",\"description\":\"COMO is a modern pendant lamp, ideal for hanging individually or in a row\",\"inLanguage\":\"en-US\",\"isPartOf\":{\"@id\":\"https:\\\/\\\/light24.lv\\\/en\\\/#website\"},\"breadcrumb\":{\"@id\":\"https:\\\/\\\/light24.lv\\\/en\\\/toode\\\/siseruumide_valgustid\\\/rippvalgustid\\\/white-pearl-2-s\\\/#breadcrumblist\"},\"image\":{\"@type\":\"ImageObject\",\"url\":\"https:\\\/\\\/light24.lv\\\/wp-content\\\/uploads\\\/2023\\\/10\\\/whitepearls_.jpg\",\"@id\":\"https:\\\/\\\/light24.lv\\\/en\\\/toode\\\/siseruumide_valgustid\\\/rippvalgustid\\\/white-pearl-2-s\\\/#mainImage\",\"width\":900,\"height\":900},\"primaryImageOfPage\":{\"@id\":\"https:\\\/\\\/light24.lv\\\/en\\\/toode\\\/siseruumide_valgustid\\\/rippvalgustid\\\/white-pearl-2-s\\\/#mainImage\"},\"datePublished\":\"2023-10-30T11:33:19+02:00\",\"dateModified\":\"2025-01-20T20:55:09+02:00\"},{\"@type\":\"WebSite\",\"@id\":\"https:\\\/\\\/light24.lv\\\/en\\\/#website\",\"url\":\"https:\\\/\\\/light24.lv\\\/en\\\/\",\"name\":\"Light24\",\"description\":\"Lighting fixtures | Indoor lighting and outdoor lighting\",\"inLanguage\":\"en-US\",\"publisher\":{\"@id\":\"https:\\\/\\\/light24.lv\\\/en\\\/#organization\"}}]}\n\t\t<\/script>\n\t\t<!-- All in One SEO Pro -->\r\n\t\t<title>Aldex WHITE PEARL S 2*E14 \u2022 Light24<\/title>\n\n","aioseo_head_json":{"title":"Aldex WHITE PEARL S 2*E14 \u2022 Light24","description":"COMO is a modern pendant lamp, ideal for hanging individually or in a row","canonical_url":"https:\/\/light24.lv\/en\/toode\/siseruumide_valgustid\/rippvalgustid\/white-pearl-2-s\/","robots":"max-image-preview:large","keywords":"","webmasterTools":{"google-site-verification":"nxgDPK3Ouk6bwvuxlwlzeMOKszmf-8m57RDu5zAgN-Y","miscellaneous":""},"schema":{"@context":"https:\/\/schema.org","@graph":[{"@type":"BreadcrumbList","@id":"https:\/\/light24.lv\/en\/toode\/siseruumide_valgustid\/rippvalgustid\/white-pearl-2-s\/#breadcrumblist","itemListElement":[{"@type":"ListItem","@id":"https:\/\/light24.lv\/en#listItem","position":1,"name":"Home","item":"https:\/\/light24.lv\/en","nextItem":{"@type":"ListItem","@id":"https:\/\/light24.lv\/en\/shop\/#listItem","name":"E-shop"}},{"@type":"ListItem","@id":"https:\/\/light24.lv\/en\/shop\/#listItem","position":2,"name":"E-shop","item":"https:\/\/light24.lv\/en\/shop\/","nextItem":{"@type":"ListItem","@id":"https:\/\/light24.lv\/en\/product-category\/siseruumide_valgustid\/#listItem","name":"Indoor lighting"},"previousItem":{"@type":"ListItem","@id":"https:\/\/light24.lv\/en#listItem","name":"Home"}},{"@type":"ListItem","@id":"https:\/\/light24.lv\/en\/product-category\/siseruumide_valgustid\/#listItem","position":3,"name":"Indoor lighting","item":"https:\/\/light24.lv\/en\/product-category\/siseruumide_valgustid\/","nextItem":{"@type":"ListItem","@id":"https:\/\/light24.lv\/en\/product-category\/siseruumide_valgustid\/seinavalgustid\/#listItem","name":"Wall lights"},"previousItem":{"@type":"ListItem","@id":"https:\/\/light24.lv\/en\/shop\/#listItem","name":"E-shop"}},{"@type":"ListItem","@id":"https:\/\/light24.lv\/en\/product-category\/siseruumide_valgustid\/seinavalgustid\/#listItem","position":4,"name":"Wall lights","item":"https:\/\/light24.lv\/en\/product-category\/siseruumide_valgustid\/seinavalgustid\/","nextItem":{"@type":"ListItem","@id":"https:\/\/light24.lv\/en\/toode\/siseruumide_valgustid\/rippvalgustid\/white-pearl-2-s\/#listItem","name":"Aldex WHITE PEARL S 2*E14"},"previousItem":{"@type":"ListItem","@id":"https:\/\/light24.lv\/en\/product-category\/siseruumide_valgustid\/#listItem","name":"Indoor lighting"}},{"@type":"ListItem","@id":"https:\/\/light24.lv\/en\/toode\/siseruumide_valgustid\/rippvalgustid\/white-pearl-2-s\/#listItem","position":5,"name":"Aldex WHITE PEARL S 2*E14","previousItem":{"@type":"ListItem","@id":"https:\/\/light24.lv\/en\/product-category\/siseruumide_valgustid\/seinavalgustid\/#listItem","name":"Wall lights"}}]},{"@type":"Organization","@id":"https:\/\/light24.lv\/en\/#organization","name":"Light24","description":"Lighting fixtures | Indoor lighting and outdoor lighting","url":"https:\/\/light24.lv\/en\/","telephone":"+3725184133","logo":{"@type":"ImageObject","url":"https:\/\/www.light24.ee\/wp-content\/uploads\/2022\/03\/Shape-2-3.svg","@id":"https:\/\/light24.lv\/en\/toode\/siseruumide_valgustid\/rippvalgustid\/white-pearl-2-s\/#organizationLogo"},"image":{"@id":"https:\/\/light24.lv\/en\/toode\/siseruumide_valgustid\/rippvalgustid\/white-pearl-2-s\/#organizationLogo"},"sameAs":["https:\/\/www.facebook.com\/light24.ee","https:\/\/www.instagram.com\/light24official\/"]},{"@type":"Product","@id":"https:\/\/light24.lv\/en\/toode\/siseruumide_valgustid\/rippvalgustid\/white-pearl-2-s\/#wooCommerceProduct","name":"Aldex WHITE PEARL S 2*E14","description":"[:et]COMO on kaasaegne rippvalgusti, mis sobib ideaalselt \u00fcksikult v\u00f5i k\u00f5rvuti reas riputamiseks[:en]COMO is a modern pendant lamp, ideal for hanging individually or in a row[:ru]COMO \u2014 \u0441\u043e\u0432\u0440\u0435\u043c\u0435\u043d\u043d\u044b\u0439 \u043f\u043e\u0434\u0432\u0435\u0441\u043d\u043e\u0439 \u0441\u0432\u0435\u0442\u0438\u043b\u044c\u043d\u0438\u043a, \u0438\u0434\u0435\u0430\u043b\u044c\u043d\u043e \u043f\u043e\u0434\u0445\u043e\u0434\u044f\u0449\u0438\u0439 \u0434\u043b\u044f \u043f\u043e\u0434\u0432\u0435\u0448\u0438\u0432\u0430\u043d\u0438\u044f \u043f\u043e \u043e\u0442\u0434\u0435\u043b\u044c\u043d\u043e\u0441\u0442\u0438 \u0438\u043b\u0438 \u0432 \u0440\u044f\u0434.[:fi]COMO on moderni riippuvalaisin, joka sopii erinomaisesti ripustettavaksi erikseen tai per\u00e4kk\u00e4in[:lv]COMO ir moderna piekarin\u0101ma lampa, kas ide\u0101li piem\u0113rota pakarin\u0101\u0161anai atsevi\u0161\u0137i vai rind\u0101[:]","url":"https:\/\/light24.lv\/en\/toode\/siseruumide_valgustid\/rippvalgustid\/white-pearl-2-s\/","sku":"ALD221205","image":{"@type":"ImageObject","url":"https:\/\/light24.lv\/wp-content\/uploads\/2023\/10\/whitepearls_.jpg","@id":"https:\/\/light24.lv\/en\/toode\/siseruumide_valgustid\/rippvalgustid\/white-pearl-2-s\/#productImage","width":900,"height":900},"offers":{"@type":"Offer","url":"https:\/\/light24.lv\/en\/toode\/siseruumide_valgustid\/rippvalgustid\/white-pearl-2-s\/#wooCommerceOffer","price":227,"priceCurrency":"EUR","category":"Indoor lighting","availability":"https:\/\/schema.org\/InStock","priceSpecification":{"@type":"PriceSpecification","price":227,"priceCurrency":"EUR","valueAddedTaxIncluded":"true"},"seller":{"@type":"Organization","@id":"https:\/\/light24.lv\/en\/#organization"}}},{"@type":"WebPage","@id":"https:\/\/light24.lv\/en\/toode\/siseruumide_valgustid\/rippvalgustid\/white-pearl-2-s\/#webpage","url":"https:\/\/light24.lv\/en\/toode\/siseruumide_valgustid\/rippvalgustid\/white-pearl-2-s\/","name":"Aldex WHITE PEARL S 2*E14 \u2022 Light24","description":"COMO is a modern pendant lamp, ideal for hanging individually or in a row","inLanguage":"en-US","isPartOf":{"@id":"https:\/\/light24.lv\/en\/#website"},"breadcrumb":{"@id":"https:\/\/light24.lv\/en\/toode\/siseruumide_valgustid\/rippvalgustid\/white-pearl-2-s\/#breadcrumblist"},"image":{"@type":"ImageObject","url":"https:\/\/light24.lv\/wp-content\/uploads\/2023\/10\/whitepearls_.jpg","@id":"https:\/\/light24.lv\/en\/toode\/siseruumide_valgustid\/rippvalgustid\/white-pearl-2-s\/#mainImage","width":900,"height":900},"primaryImageOfPage":{"@id":"https:\/\/light24.lv\/en\/toode\/siseruumide_valgustid\/rippvalgustid\/white-pearl-2-s\/#mainImage"},"datePublished":"2023-10-30T11:33:19+02:00","dateModified":"2025-01-20T20:55:09+02:00"},{"@type":"WebSite","@id":"https:\/\/light24.lv\/en\/#website","url":"https:\/\/light24.lv\/en\/","name":"Light24","description":"Lighting fixtures | Indoor lighting and outdoor lighting","inLanguage":"en-US","publisher":{"@id":"https:\/\/light24.lv\/en\/#organization"}}]},"og:locale":"en_US","og:site_name":"Light24 \u2022 Lighting fixtures | Indoor lighting and outdoor lighting","og:type":"article","og:title":"Aldex WHITE PEARL S 2*E14 \u2022 Light24","og:description":"COMO is a modern pendant lamp, ideal for hanging individually or in a row","og:url":"https:\/\/light24.lv\/en\/toode\/siseruumide_valgustid\/rippvalgustid\/white-pearl-2-s\/","og:image":"https:\/\/light24.lv\/wp-content\/uploads\/2023\/10\/whitepearls_.jpg","og:image:secure_url":"https:\/\/light24.lv\/wp-content\/uploads\/2023\/10\/whitepearls_.jpg","og:image:width":900,"og:image:height":900,"article:published_time":"2023-10-30T09:33:19+00:00","article:modified_time":"2025-01-20T18:55:09+00:00","article:publisher":"https:\/\/www.facebook.com\/light24.ee","twitter:card":"summary","twitter:title":"Aldex WHITE PEARL S 2*E14 \u2022 Light24","twitter:description":"COMO is a modern pendant lamp, ideal for hanging individually or in a row","twitter:image":"https:\/\/light24.lv\/wp-content\/uploads\/2023\/10\/whitepearls_.jpg"},"aioseo_meta_data":{"post_id":"132443","title":null,"description":null,"keywords":null,"keyphrases":{"focus":{"keyphrase":"rippvalgusti","score":81,"analysis":{"keyphraseInTitle":{"score":3,"maxScore":9,"error":1},"keyphraseInDescription":{"score":9,"maxScore":9,"error":0},"keyphraseLength":{"score":9,"maxScore":9,"error":0,"length":1},"keyphraseInURL":{"score":5,"maxScore":5,"error":0}}},"additional":[{"keyphrase":"laevalgusti","score":67,"analysis":{"keyphraseInDescription":{"score":3,"maxScore":9,"error":1},"keyphraseLength":{"score":9,"maxScore":9,"error":0,"length":1}}},{"keyphrase":"laelamp","score":67,"analysis":{"keyphraseInDescription":{"score":3,"maxScore":9,"error":1},"keyphraseLength":{"score":9,"maxScore":9,"error":0,"length":1}}}]},"primary_term":{"product_cat":248},"canonical_url":null,"og_title":null,"og_description":null,"og_object_type":"default","og_image_type":"default","og_image_url":null,"og_image_width":null,"og_image_height":null,"og_image_custom_url":null,"og_image_custom_fields":null,"og_video":"","og_custom_url":null,"og_article_section":null,"og_article_tags":null,"twitter_use_og":false,"twitter_card":"default","twitter_image_type":"default","twitter_image_url":null,"twitter_image_custom_url":null,"twitter_image_custom_fields":null,"twitter_title":null,"twitter_description":null,"schema":{"blockGraphs":[],"customGraphs":[],"default":{"data":{"Article":[],"Course":[],"Dataset":[],"FAQPage":[],"Movie":[],"Person":[],"Product":[],"ProductReview":[],"Car":[],"Recipe":[],"Service":[],"SoftwareApplication":[],"WebPage":[]},"graphName":"Product","isEnabled":true},"graphs":[]},"schema_type":"default","schema_type_options":null,"pillar_content":false,"robots_default":true,"robots_noindex":false,"robots_noarchive":false,"robots_nosnippet":false,"robots_nofollow":false,"robots_noimageindex":false,"robots_noodp":false,"robots_notranslate":false,"robots_max_snippet":"-1","robots_max_videopreview":"-1","robots_max_imagepreview":"large","priority":null,"frequency":"default","local_seo":null,"seo_analyzer_scan_date":"2025-10-27 09:46:40","breadcrumb_settings":null,"limit_modified_date":false,"reviewed_by":null,"open_ai":"{\"title\":{\"suggestions\":[],\"usage\":0},\"description\":{\"suggestions\":[],\"usage\":0}}","ai":null,"created":"2024-05-30 08:33:19","updated":"2025-10-27 09:46:40"},"aioseo_breadcrumb":"<div class=\"aioseo-breadcrumbs\"><span class=\"aioseo-breadcrumb\">\n\t<a href=\"https:\/\/light24.lv\/en\" title=\"Home\">Home<\/a>\n<\/span><span class=\"aioseo-breadcrumb-separator\">&raquo;<\/span><span class=\"aioseo-breadcrumb\">\n\t<a href=\"https:\/\/light24.lv\/en\/shop\/\" title=\"E-shop\">E-shop<\/a>\n<\/span><span class=\"aioseo-breadcrumb-separator\">&raquo;<\/span><span class=\"aioseo-breadcrumb\">\n\t<a href=\"https:\/\/light24.lv\/en\/product-category\/siseruumide_valgustid\/\" title=\"Indoor lighting\">Indoor lighting<\/a>\n<\/span><span class=\"aioseo-breadcrumb-separator\">&raquo;<\/span><span class=\"aioseo-breadcrumb\">\n\t<a href=\"https:\/\/light24.lv\/en\/product-category\/siseruumide_valgustid\/seinavalgustid\/\" title=\"Wall lights\">Wall lights<\/a>\n<\/span><span class=\"aioseo-breadcrumb-separator\">&raquo;<\/span><span class=\"aioseo-breadcrumb\">\n\tAldex WHITE PEARL S 2*E14\n<\/span><\/div>","aioseo_breadcrumb_json":[{"label":"Home","link":"https:\/\/light24.lv\/en"},{"label":"E-shop","link":"https:\/\/light24.lv\/en\/shop\/"},{"label":"Indoor lighting","link":"https:\/\/light24.lv\/en\/product-category\/siseruumide_valgustid\/"},{"label":"Wall lights","link":"https:\/\/light24.lv\/en\/product-category\/siseruumide_valgustid\/seinavalgustid\/"},{"label":"Aldex WHITE PEARL S 2*E14","link":"https:\/\/light24.lv\/en\/toode\/siseruumide_valgustid\/rippvalgustid\/white-pearl-2-s\/"}],"_links":{"self":[{"href":"https:\/\/light24.lv\/en\/wp-json\/wp\/v2\/product\/132443","targetHints":{"allow":["GET"]}}],"collection":[{"href":"https:\/\/light24.lv\/en\/wp-json\/wp\/v2\/product"}],"about":[{"href":"https:\/\/light24.lv\/en\/wp-json\/wp\/v2\/types\/product"}],"replies":[{"embeddable":true,"href":"https:\/\/light24.lv\/en\/wp-json\/wp\/v2\/comments?post=132443"}],"wp:featuredmedia":[{"embeddable":true,"href":"https:\/\/light24.lv\/en\/wp-json\/wp\/v2\/media\/142009"}],"wp:attachment":[{"href":"https:\/\/light24.lv\/en\/wp-json\/wp\/v2\/media?parent=132443"}],"wp:term":[{"taxonomy":"product_cat","embeddable":true,"href":"https:\/\/light24.lv\/en\/wp-json\/wp\/v2\/product_cat?post=132443"},{"taxonomy":"product_tag","embeddable":true,"href":"https:\/\/light24.lv\/en\/wp-json\/wp\/v2\/product_tag?post=132443"}],"curies":[{"name":"wp","href":"https:\/\/api.w.org\/{rel}","templated":true}]}}