{"id":132411,"date":"2023-10-29T13:07:57","date_gmt":"2023-10-29T11:07:57","guid":{"rendered":"https:\/\/light24.ee\/?post_type=product&#038;p=132411"},"modified":"2025-01-20T20:59:31","modified_gmt":"2025-01-20T18:59:31","slug":"holm-wall-black-s","status":"publish","type":"product","link":"https:\/\/light24.lv\/fi\/toode\/siseruumide_valgustid\/rippvalgustid\/holm-wall-black-s\/","title":{"rendered":"Aldex HOLM WALL S 2*E14"},"content":{"rendered":"","protected":false},"excerpt":{"rendered":"<p>COMO on moderni riippuvalaisin, joka sopii erinomaisesti ripustettavaksi erikseen tai per\u00e4kk\u00e4in<\/p>\n","protected":false},"featured_media":142010,"comment_status":"closed","ping_status":"closed","template":"","meta":{"_acf_changed":false},"product_cat":[7280,249],"product_tag":[347],"class_list":{"0":"post-132411","1":"product","2":"type-product","3":"status-publish","4":"has-post-thumbnail","6":"product_cat-siseruumide_valgustid","7":"product_cat-seinavalgustid","8":"product_tag-aldex","9":"product_shipping_class-small","10":"pa_materjal-metall","11":"pa_ruumid-elutuba","12":"pa_ruumid-soogituba","13":"pa_ruumid-magamistuba","14":"pa_ruumid-esik_ja_trepihall","15":"pa_ruumid-hotellid-ja-restoranid","16":"pa_tarneaeg-2-3-nadalat","17":"pa_tehnilised-andmed-28w-led-e14","18":"pa_varv-must","20":"first","21":"instock","22":"taxable","23":"shipping-taxable","24":"purchasable","25":"product-type-simple"},"acf":[],"aioseo_notices":[],"aioseo_head":"\n\t\t<!-- All in One SEO Pro 4.9.6.2 - aioseo.com -->\n\t<meta name=\"description\" content=\"COMO on moderni riippuvalaisin, joka sopii erinomaisesti ripustettavaksi erikseen tai per\u00e4kk\u00e4in\" \/>\n\t<meta name=\"robots\" content=\"max-image-preview:large\" \/>\n\t<meta name=\"google-site-verification\" content=\"nxgDPK3Ouk6bwvuxlwlzeMOKszmf-8m57RDu5zAgN-Y\" \/>\n\t<link rel=\"canonical\" href=\"https:\/\/light24.lv\/fi\/toode\/siseruumide_valgustid\/rippvalgustid\/holm-wall-black-s\/\" \/>\n\t<meta name=\"generator\" content=\"All in One SEO Pro (AIOSEO) 4.9.6.2\" \/>\n\t\t<meta property=\"og:locale\" content=\"fi_FI\" \/>\n\t\t<meta property=\"og:site_name\" content=\"Light24 \u2022 Valon tavaratalo | Ammatillinen valaistusratkaisut\" \/>\n\t\t<meta property=\"og:type\" content=\"article\" \/>\n\t\t<meta property=\"og:title\" content=\"Aldex HOLM WALL S 2*E14 \u2022 Light24\" \/>\n\t\t<meta property=\"og:description\" content=\"COMO on moderni riippuvalaisin, joka sopii erinomaisesti ripustettavaksi erikseen tai per\u00e4kk\u00e4in\" \/>\n\t\t<meta property=\"og:url\" content=\"https:\/\/light24.lv\/fi\/toode\/siseruumide_valgustid\/rippvalgustid\/holm-wall-black-s\/\" \/>\n\t\t<meta property=\"og:image\" content=\"https:\/\/light24.lv\/wp-content\/uploads\/2023\/10\/holms__.jpg\" \/>\n\t\t<meta property=\"og:image:secure_url\" content=\"https:\/\/light24.lv\/wp-content\/uploads\/2023\/10\/holms__.jpg\" \/>\n\t\t<meta property=\"og:image:width\" content=\"900\" \/>\n\t\t<meta property=\"og:image:height\" content=\"900\" \/>\n\t\t<meta property=\"article:published_time\" content=\"2023-10-29T11:07:57+00:00\" \/>\n\t\t<meta property=\"article:modified_time\" content=\"2025-01-20T18:59:31+00:00\" \/>\n\t\t<meta property=\"article:publisher\" content=\"https:\/\/www.facebook.com\/light24.ee\" \/>\n\t\t<meta name=\"twitter:card\" content=\"summary\" \/>\n\t\t<meta name=\"twitter:title\" content=\"Aldex HOLM WALL S 2*E14 \u2022 Light24\" \/>\n\t\t<meta name=\"twitter:description\" content=\"COMO on moderni riippuvalaisin, joka sopii erinomaisesti ripustettavaksi erikseen tai per\u00e4kk\u00e4in\" \/>\n\t\t<meta name=\"twitter:image\" content=\"https:\/\/light24.lv\/wp-content\/uploads\/2023\/10\/holms__.jpg\" \/>\n\t\t<script type=\"application\/ld+json\" class=\"aioseo-schema\">\n\t\t\t{\"@context\":\"https:\\\/\\\/schema.org\",\"@graph\":[{\"@type\":\"BreadcrumbList\",\"@id\":\"https:\\\/\\\/light24.lv\\\/fi\\\/toode\\\/siseruumide_valgustid\\\/rippvalgustid\\\/holm-wall-black-s\\\/#breadcrumblist\",\"itemListElement\":[{\"@type\":\"ListItem\",\"@id\":\"https:\\\/\\\/light24.lv\\\/fi#listItem\",\"position\":1,\"name\":\"Home\",\"item\":\"https:\\\/\\\/light24.lv\\\/fi\",\"nextItem\":{\"@type\":\"ListItem\",\"@id\":\"https:\\\/\\\/light24.lv\\\/fi\\\/shop\\\/#listItem\",\"name\":\"Verkkokauppa\"}},{\"@type\":\"ListItem\",\"@id\":\"https:\\\/\\\/light24.lv\\\/fi\\\/shop\\\/#listItem\",\"position\":2,\"name\":\"Verkkokauppa\",\"item\":\"https:\\\/\\\/light24.lv\\\/fi\\\/shop\\\/\",\"nextItem\":{\"@type\":\"ListItem\",\"@id\":\"https:\\\/\\\/light24.lv\\\/fi\\\/product-category\\\/siseruumide_valgustid\\\/#listItem\",\"name\":\"Sis\\u00e4valaisimet\"},\"previousItem\":{\"@type\":\"ListItem\",\"@id\":\"https:\\\/\\\/light24.lv\\\/fi#listItem\",\"name\":\"Home\"}},{\"@type\":\"ListItem\",\"@id\":\"https:\\\/\\\/light24.lv\\\/fi\\\/product-category\\\/siseruumide_valgustid\\\/#listItem\",\"position\":3,\"name\":\"Sis\\u00e4valaisimet\",\"item\":\"https:\\\/\\\/light24.lv\\\/fi\\\/product-category\\\/siseruumide_valgustid\\\/\",\"nextItem\":{\"@type\":\"ListItem\",\"@id\":\"https:\\\/\\\/light24.lv\\\/fi\\\/product-category\\\/siseruumide_valgustid\\\/seinavalgustid\\\/#listItem\",\"name\":\"Sein\\u00e4valot\"},\"previousItem\":{\"@type\":\"ListItem\",\"@id\":\"https:\\\/\\\/light24.lv\\\/fi\\\/shop\\\/#listItem\",\"name\":\"Verkkokauppa\"}},{\"@type\":\"ListItem\",\"@id\":\"https:\\\/\\\/light24.lv\\\/fi\\\/product-category\\\/siseruumide_valgustid\\\/seinavalgustid\\\/#listItem\",\"position\":4,\"name\":\"Sein\\u00e4valot\",\"item\":\"https:\\\/\\\/light24.lv\\\/fi\\\/product-category\\\/siseruumide_valgustid\\\/seinavalgustid\\\/\",\"nextItem\":{\"@type\":\"ListItem\",\"@id\":\"https:\\\/\\\/light24.lv\\\/fi\\\/toode\\\/siseruumide_valgustid\\\/rippvalgustid\\\/holm-wall-black-s\\\/#listItem\",\"name\":\"Aldex HOLM WALL S 2*E14\"},\"previousItem\":{\"@type\":\"ListItem\",\"@id\":\"https:\\\/\\\/light24.lv\\\/fi\\\/product-category\\\/siseruumide_valgustid\\\/#listItem\",\"name\":\"Sis\\u00e4valaisimet\"}},{\"@type\":\"ListItem\",\"@id\":\"https:\\\/\\\/light24.lv\\\/fi\\\/toode\\\/siseruumide_valgustid\\\/rippvalgustid\\\/holm-wall-black-s\\\/#listItem\",\"position\":5,\"name\":\"Aldex HOLM WALL S 2*E14\",\"previousItem\":{\"@type\":\"ListItem\",\"@id\":\"https:\\\/\\\/light24.lv\\\/fi\\\/product-category\\\/siseruumide_valgustid\\\/seinavalgustid\\\/#listItem\",\"name\":\"Sein\\u00e4valot\"}}]},{\"@type\":\"Organization\",\"@id\":\"https:\\\/\\\/light24.lv\\\/fi\\\/#organization\",\"name\":\"Light24\",\"description\":\"Valon tavaratalo | Ammatillinen valaistusratkaisut\",\"url\":\"https:\\\/\\\/light24.lv\\\/fi\\\/\",\"telephone\":\"+3725184133\",\"logo\":{\"@type\":\"ImageObject\",\"url\":\"https:\\\/\\\/www.light24.ee\\\/wp-content\\\/uploads\\\/2022\\\/03\\\/Shape-2-3.svg\",\"@id\":\"https:\\\/\\\/light24.lv\\\/fi\\\/toode\\\/siseruumide_valgustid\\\/rippvalgustid\\\/holm-wall-black-s\\\/#organizationLogo\"},\"image\":{\"@id\":\"https:\\\/\\\/light24.lv\\\/fi\\\/toode\\\/siseruumide_valgustid\\\/rippvalgustid\\\/holm-wall-black-s\\\/#organizationLogo\"},\"sameAs\":[\"https:\\\/\\\/www.facebook.com\\\/light24.ee\",\"https:\\\/\\\/www.instagram.com\\\/light24official\\\/\"]},{\"@type\":\"Product\",\"@id\":\"https:\\\/\\\/light24.lv\\\/fi\\\/toode\\\/siseruumide_valgustid\\\/rippvalgustid\\\/holm-wall-black-s\\\/#wooCommerceProduct\",\"name\":\"Aldex HOLM WALL S 2*E14\",\"description\":\"[:et]COMO on kaasaegne rippvalgusti, mis sobib ideaalselt \\u00fcksikult v\\u00f5i k\\u00f5rvuti reas riputamiseks[:en]COMO is a modern pendant lamp, ideal for hanging individually or in a row[:ru]COMO \\u2014 \\u0441\\u043e\\u0432\\u0440\\u0435\\u043c\\u0435\\u043d\\u043d\\u044b\\u0439 \\u043f\\u043e\\u0434\\u0432\\u0435\\u0441\\u043d\\u043e\\u0439 \\u0441\\u0432\\u0435\\u0442\\u0438\\u043b\\u044c\\u043d\\u0438\\u043a, \\u0438\\u0434\\u0435\\u0430\\u043b\\u044c\\u043d\\u043e \\u043f\\u043e\\u0434\\u0445\\u043e\\u0434\\u044f\\u0449\\u0438\\u0439 \\u0434\\u043b\\u044f \\u043f\\u043e\\u0434\\u0432\\u0435\\u0448\\u0438\\u0432\\u0430\\u043d\\u0438\\u044f \\u043f\\u043e \\u043e\\u0442\\u0434\\u0435\\u043b\\u044c\\u043d\\u043e\\u0441\\u0442\\u0438 \\u0438\\u043b\\u0438 \\u0432 \\u0440\\u044f\\u0434.[:fi]COMO on moderni riippuvalaisin, joka sopii erinomaisesti ripustettavaksi erikseen tai per\\u00e4kk\\u00e4in[:lv]COMO ir moderna piekarin\\u0101ma lampa, kas ide\\u0101li piem\\u0113rota pakarin\\u0101\\u0161anai atsevi\\u0161\\u0137i vai rind\\u0101[:]\",\"url\":\"https:\\\/\\\/light24.lv\\\/fi\\\/toode\\\/siseruumide_valgustid\\\/rippvalgustid\\\/holm-wall-black-s\\\/\",\"sku\":\"ALD221201\",\"image\":{\"@type\":\"ImageObject\",\"url\":\"https:\\\/\\\/light24.lv\\\/wp-content\\\/uploads\\\/2023\\\/10\\\/holms__.jpg\",\"@id\":\"https:\\\/\\\/light24.lv\\\/fi\\\/toode\\\/siseruumide_valgustid\\\/rippvalgustid\\\/holm-wall-black-s\\\/#productImage\",\"width\":900,\"height\":900},\"offers\":{\"@type\":\"Offer\",\"url\":\"https:\\\/\\\/light24.lv\\\/fi\\\/toode\\\/siseruumide_valgustid\\\/rippvalgustid\\\/holm-wall-black-s\\\/#wooCommerceOffer\",\"price\":80,\"priceCurrency\":\"EUR\",\"category\":\"Sis\\u00e4valaisimet\",\"availability\":\"https:\\\/\\\/schema.org\\\/InStock\",\"priceSpecification\":{\"@type\":\"PriceSpecification\",\"price\":80,\"priceCurrency\":\"EUR\",\"valueAddedTaxIncluded\":\"true\"},\"seller\":{\"@type\":\"Organization\",\"@id\":\"https:\\\/\\\/light24.lv\\\/fi\\\/#organization\"}}},{\"@type\":\"WebPage\",\"@id\":\"https:\\\/\\\/light24.lv\\\/fi\\\/toode\\\/siseruumide_valgustid\\\/rippvalgustid\\\/holm-wall-black-s\\\/#webpage\",\"url\":\"https:\\\/\\\/light24.lv\\\/fi\\\/toode\\\/siseruumide_valgustid\\\/rippvalgustid\\\/holm-wall-black-s\\\/\",\"name\":\"Aldex HOLM WALL S 2*E14 \\u2022 Light24\",\"description\":\"COMO on moderni riippuvalaisin, joka sopii erinomaisesti ripustettavaksi erikseen tai per\\u00e4kk\\u00e4in\",\"inLanguage\":\"fi\",\"isPartOf\":{\"@id\":\"https:\\\/\\\/light24.lv\\\/fi\\\/#website\"},\"breadcrumb\":{\"@id\":\"https:\\\/\\\/light24.lv\\\/fi\\\/toode\\\/siseruumide_valgustid\\\/rippvalgustid\\\/holm-wall-black-s\\\/#breadcrumblist\"},\"image\":{\"@type\":\"ImageObject\",\"url\":\"https:\\\/\\\/light24.lv\\\/wp-content\\\/uploads\\\/2023\\\/10\\\/holms__.jpg\",\"@id\":\"https:\\\/\\\/light24.lv\\\/fi\\\/toode\\\/siseruumide_valgustid\\\/rippvalgustid\\\/holm-wall-black-s\\\/#mainImage\",\"width\":900,\"height\":900},\"primaryImageOfPage\":{\"@id\":\"https:\\\/\\\/light24.lv\\\/fi\\\/toode\\\/siseruumide_valgustid\\\/rippvalgustid\\\/holm-wall-black-s\\\/#mainImage\"},\"datePublished\":\"2023-10-29T13:07:57+02:00\",\"dateModified\":\"2025-01-20T20:59:31+02:00\"},{\"@type\":\"WebSite\",\"@id\":\"https:\\\/\\\/light24.lv\\\/fi\\\/#website\",\"url\":\"https:\\\/\\\/light24.lv\\\/fi\\\/\",\"name\":\"Light24\",\"description\":\"Valon tavaratalo | Ammatillinen valaistusratkaisut\",\"inLanguage\":\"fi\",\"publisher\":{\"@id\":\"https:\\\/\\\/light24.lv\\\/fi\\\/#organization\"}}]}\n\t\t<\/script>\n\t\t<!-- All in One SEO Pro -->\r\n\t\t<title>Aldex HOLM WALL S 2*E14 \u2022 Light24<\/title>\n\n","aioseo_head_json":{"title":"Aldex HOLM WALL S 2*E14 \u2022 Light24","description":"COMO on moderni riippuvalaisin, joka sopii erinomaisesti ripustettavaksi erikseen tai per\u00e4kk\u00e4in","canonical_url":"https:\/\/light24.lv\/fi\/toode\/siseruumide_valgustid\/rippvalgustid\/holm-wall-black-s\/","robots":"max-image-preview:large","keywords":"","webmasterTools":{"google-site-verification":"nxgDPK3Ouk6bwvuxlwlzeMOKszmf-8m57RDu5zAgN-Y","miscellaneous":""},"schema":{"@context":"https:\/\/schema.org","@graph":[{"@type":"BreadcrumbList","@id":"https:\/\/light24.lv\/fi\/toode\/siseruumide_valgustid\/rippvalgustid\/holm-wall-black-s\/#breadcrumblist","itemListElement":[{"@type":"ListItem","@id":"https:\/\/light24.lv\/fi#listItem","position":1,"name":"Home","item":"https:\/\/light24.lv\/fi","nextItem":{"@type":"ListItem","@id":"https:\/\/light24.lv\/fi\/shop\/#listItem","name":"Verkkokauppa"}},{"@type":"ListItem","@id":"https:\/\/light24.lv\/fi\/shop\/#listItem","position":2,"name":"Verkkokauppa","item":"https:\/\/light24.lv\/fi\/shop\/","nextItem":{"@type":"ListItem","@id":"https:\/\/light24.lv\/fi\/product-category\/siseruumide_valgustid\/#listItem","name":"Sis\u00e4valaisimet"},"previousItem":{"@type":"ListItem","@id":"https:\/\/light24.lv\/fi#listItem","name":"Home"}},{"@type":"ListItem","@id":"https:\/\/light24.lv\/fi\/product-category\/siseruumide_valgustid\/#listItem","position":3,"name":"Sis\u00e4valaisimet","item":"https:\/\/light24.lv\/fi\/product-category\/siseruumide_valgustid\/","nextItem":{"@type":"ListItem","@id":"https:\/\/light24.lv\/fi\/product-category\/siseruumide_valgustid\/seinavalgustid\/#listItem","name":"Sein\u00e4valot"},"previousItem":{"@type":"ListItem","@id":"https:\/\/light24.lv\/fi\/shop\/#listItem","name":"Verkkokauppa"}},{"@type":"ListItem","@id":"https:\/\/light24.lv\/fi\/product-category\/siseruumide_valgustid\/seinavalgustid\/#listItem","position":4,"name":"Sein\u00e4valot","item":"https:\/\/light24.lv\/fi\/product-category\/siseruumide_valgustid\/seinavalgustid\/","nextItem":{"@type":"ListItem","@id":"https:\/\/light24.lv\/fi\/toode\/siseruumide_valgustid\/rippvalgustid\/holm-wall-black-s\/#listItem","name":"Aldex HOLM WALL S 2*E14"},"previousItem":{"@type":"ListItem","@id":"https:\/\/light24.lv\/fi\/product-category\/siseruumide_valgustid\/#listItem","name":"Sis\u00e4valaisimet"}},{"@type":"ListItem","@id":"https:\/\/light24.lv\/fi\/toode\/siseruumide_valgustid\/rippvalgustid\/holm-wall-black-s\/#listItem","position":5,"name":"Aldex HOLM WALL S 2*E14","previousItem":{"@type":"ListItem","@id":"https:\/\/light24.lv\/fi\/product-category\/siseruumide_valgustid\/seinavalgustid\/#listItem","name":"Sein\u00e4valot"}}]},{"@type":"Organization","@id":"https:\/\/light24.lv\/fi\/#organization","name":"Light24","description":"Valon tavaratalo | Ammatillinen valaistusratkaisut","url":"https:\/\/light24.lv\/fi\/","telephone":"+3725184133","logo":{"@type":"ImageObject","url":"https:\/\/www.light24.ee\/wp-content\/uploads\/2022\/03\/Shape-2-3.svg","@id":"https:\/\/light24.lv\/fi\/toode\/siseruumide_valgustid\/rippvalgustid\/holm-wall-black-s\/#organizationLogo"},"image":{"@id":"https:\/\/light24.lv\/fi\/toode\/siseruumide_valgustid\/rippvalgustid\/holm-wall-black-s\/#organizationLogo"},"sameAs":["https:\/\/www.facebook.com\/light24.ee","https:\/\/www.instagram.com\/light24official\/"]},{"@type":"Product","@id":"https:\/\/light24.lv\/fi\/toode\/siseruumide_valgustid\/rippvalgustid\/holm-wall-black-s\/#wooCommerceProduct","name":"Aldex HOLM WALL S 2*E14","description":"[:et]COMO on kaasaegne rippvalgusti, mis sobib ideaalselt \u00fcksikult v\u00f5i k\u00f5rvuti reas riputamiseks[:en]COMO is a modern pendant lamp, ideal for hanging individually or in a row[:ru]COMO \u2014 \u0441\u043e\u0432\u0440\u0435\u043c\u0435\u043d\u043d\u044b\u0439 \u043f\u043e\u0434\u0432\u0435\u0441\u043d\u043e\u0439 \u0441\u0432\u0435\u0442\u0438\u043b\u044c\u043d\u0438\u043a, \u0438\u0434\u0435\u0430\u043b\u044c\u043d\u043e \u043f\u043e\u0434\u0445\u043e\u0434\u044f\u0449\u0438\u0439 \u0434\u043b\u044f \u043f\u043e\u0434\u0432\u0435\u0448\u0438\u0432\u0430\u043d\u0438\u044f \u043f\u043e \u043e\u0442\u0434\u0435\u043b\u044c\u043d\u043e\u0441\u0442\u0438 \u0438\u043b\u0438 \u0432 \u0440\u044f\u0434.[:fi]COMO on moderni riippuvalaisin, joka sopii erinomaisesti ripustettavaksi erikseen tai per\u00e4kk\u00e4in[:lv]COMO ir moderna piekarin\u0101ma lampa, kas ide\u0101li piem\u0113rota pakarin\u0101\u0161anai atsevi\u0161\u0137i vai rind\u0101[:]","url":"https:\/\/light24.lv\/fi\/toode\/siseruumide_valgustid\/rippvalgustid\/holm-wall-black-s\/","sku":"ALD221201","image":{"@type":"ImageObject","url":"https:\/\/light24.lv\/wp-content\/uploads\/2023\/10\/holms__.jpg","@id":"https:\/\/light24.lv\/fi\/toode\/siseruumide_valgustid\/rippvalgustid\/holm-wall-black-s\/#productImage","width":900,"height":900},"offers":{"@type":"Offer","url":"https:\/\/light24.lv\/fi\/toode\/siseruumide_valgustid\/rippvalgustid\/holm-wall-black-s\/#wooCommerceOffer","price":80,"priceCurrency":"EUR","category":"Sis\u00e4valaisimet","availability":"https:\/\/schema.org\/InStock","priceSpecification":{"@type":"PriceSpecification","price":80,"priceCurrency":"EUR","valueAddedTaxIncluded":"true"},"seller":{"@type":"Organization","@id":"https:\/\/light24.lv\/fi\/#organization"}}},{"@type":"WebPage","@id":"https:\/\/light24.lv\/fi\/toode\/siseruumide_valgustid\/rippvalgustid\/holm-wall-black-s\/#webpage","url":"https:\/\/light24.lv\/fi\/toode\/siseruumide_valgustid\/rippvalgustid\/holm-wall-black-s\/","name":"Aldex HOLM WALL S 2*E14 \u2022 Light24","description":"COMO on moderni riippuvalaisin, joka sopii erinomaisesti ripustettavaksi erikseen tai per\u00e4kk\u00e4in","inLanguage":"fi","isPartOf":{"@id":"https:\/\/light24.lv\/fi\/#website"},"breadcrumb":{"@id":"https:\/\/light24.lv\/fi\/toode\/siseruumide_valgustid\/rippvalgustid\/holm-wall-black-s\/#breadcrumblist"},"image":{"@type":"ImageObject","url":"https:\/\/light24.lv\/wp-content\/uploads\/2023\/10\/holms__.jpg","@id":"https:\/\/light24.lv\/fi\/toode\/siseruumide_valgustid\/rippvalgustid\/holm-wall-black-s\/#mainImage","width":900,"height":900},"primaryImageOfPage":{"@id":"https:\/\/light24.lv\/fi\/toode\/siseruumide_valgustid\/rippvalgustid\/holm-wall-black-s\/#mainImage"},"datePublished":"2023-10-29T13:07:57+02:00","dateModified":"2025-01-20T20:59:31+02:00"},{"@type":"WebSite","@id":"https:\/\/light24.lv\/fi\/#website","url":"https:\/\/light24.lv\/fi\/","name":"Light24","description":"Valon tavaratalo | Ammatillinen valaistusratkaisut","inLanguage":"fi","publisher":{"@id":"https:\/\/light24.lv\/fi\/#organization"}}]},"og:locale":"fi_FI","og:site_name":"Light24 \u2022 Valon tavaratalo | Ammatillinen valaistusratkaisut","og:type":"article","og:title":"Aldex HOLM WALL S 2*E14 \u2022 Light24","og:description":"COMO on moderni riippuvalaisin, joka sopii erinomaisesti ripustettavaksi erikseen tai per\u00e4kk\u00e4in","og:url":"https:\/\/light24.lv\/fi\/toode\/siseruumide_valgustid\/rippvalgustid\/holm-wall-black-s\/","og:image":"https:\/\/light24.lv\/wp-content\/uploads\/2023\/10\/holms__.jpg","og:image:secure_url":"https:\/\/light24.lv\/wp-content\/uploads\/2023\/10\/holms__.jpg","og:image:width":900,"og:image:height":900,"article:published_time":"2023-10-29T11:07:57+00:00","article:modified_time":"2025-01-20T18:59:31+00:00","article:publisher":"https:\/\/www.facebook.com\/light24.ee","twitter:card":"summary","twitter:title":"Aldex HOLM WALL S 2*E14 \u2022 Light24","twitter:description":"COMO on moderni riippuvalaisin, joka sopii erinomaisesti ripustettavaksi erikseen tai per\u00e4kk\u00e4in","twitter:image":"https:\/\/light24.lv\/wp-content\/uploads\/2023\/10\/holms__.jpg"},"aioseo_meta_data":{"post_id":"132411","title":null,"description":null,"keywords":null,"keyphrases":{"focus":{"keyphrase":"rippvalgusti","score":81,"analysis":{"keyphraseInTitle":{"score":3,"maxScore":9,"error":1},"keyphraseInDescription":{"score":9,"maxScore":9,"error":0},"keyphraseLength":{"score":9,"maxScore":9,"error":0,"length":1},"keyphraseInURL":{"score":5,"maxScore":5,"error":0}}},"additional":[{"keyphrase":"laevalgusti","score":67,"analysis":{"keyphraseInDescription":{"score":3,"maxScore":9,"error":1},"keyphraseLength":{"score":9,"maxScore":9,"error":0,"length":1}}},{"keyphrase":"laelamp","score":67,"analysis":{"keyphraseInDescription":{"score":3,"maxScore":9,"error":1},"keyphraseLength":{"score":9,"maxScore":9,"error":0,"length":1}}}]},"primary_term":{"product_cat":248},"canonical_url":null,"og_title":null,"og_description":null,"og_object_type":"default","og_image_type":"default","og_image_url":null,"og_image_width":null,"og_image_height":null,"og_image_custom_url":null,"og_image_custom_fields":null,"og_video":"","og_custom_url":null,"og_article_section":null,"og_article_tags":null,"twitter_use_og":false,"twitter_card":"default","twitter_image_type":"default","twitter_image_url":null,"twitter_image_custom_url":null,"twitter_image_custom_fields":null,"twitter_title":null,"twitter_description":null,"schema":{"blockGraphs":[],"customGraphs":[],"default":{"data":{"Article":[],"Course":[],"Dataset":[],"FAQPage":[],"Movie":[],"Person":[],"Product":[],"ProductReview":[],"Car":[],"Recipe":[],"Service":[],"SoftwareApplication":[],"WebPage":[]},"graphName":"Product","isEnabled":true},"graphs":[]},"schema_type":"default","schema_type_options":null,"pillar_content":false,"robots_default":true,"robots_noindex":false,"robots_noarchive":false,"robots_nosnippet":false,"robots_nofollow":false,"robots_noimageindex":false,"robots_noodp":false,"robots_notranslate":false,"robots_max_snippet":"-1","robots_max_videopreview":"-1","robots_max_imagepreview":"large","priority":null,"frequency":"default","local_seo":null,"seo_analyzer_scan_date":"2025-10-27 09:45:02","breadcrumb_settings":null,"limit_modified_date":false,"reviewed_by":null,"open_ai":"{\"title\":{\"suggestions\":[],\"usage\":0},\"description\":{\"suggestions\":[],\"usage\":0}}","ai":null,"created":"2024-05-29 10:07:57","updated":"2025-10-27 09:45:02"},"aioseo_breadcrumb":"<div class=\"aioseo-breadcrumbs\"><span class=\"aioseo-breadcrumb\">\n\t<a href=\"https:\/\/light24.lv\/fi\" title=\"Home\">Home<\/a>\n<\/span><span class=\"aioseo-breadcrumb-separator\">&raquo;<\/span><span class=\"aioseo-breadcrumb\">\n\t<a href=\"https:\/\/light24.lv\/fi\/shop\/\" title=\"Verkkokauppa\">Verkkokauppa<\/a>\n<\/span><span class=\"aioseo-breadcrumb-separator\">&raquo;<\/span><span class=\"aioseo-breadcrumb\">\n\t<a href=\"https:\/\/light24.lv\/fi\/product-category\/siseruumide_valgustid\/\" title=\"Sis\u00e4valaisimet\">Sis\u00e4valaisimet<\/a>\n<\/span><span class=\"aioseo-breadcrumb-separator\">&raquo;<\/span><span class=\"aioseo-breadcrumb\">\n\t<a href=\"https:\/\/light24.lv\/fi\/product-category\/siseruumide_valgustid\/seinavalgustid\/\" title=\"Sein\u00e4valot\">Sein\u00e4valot<\/a>\n<\/span><span class=\"aioseo-breadcrumb-separator\">&raquo;<\/span><span class=\"aioseo-breadcrumb\">\n\tAldex HOLM WALL S 2*E14\n<\/span><\/div>","aioseo_breadcrumb_json":[{"label":"Home","link":"https:\/\/light24.lv\/fi"},{"label":"Verkkokauppa","link":"https:\/\/light24.lv\/fi\/shop\/"},{"label":"Sis\u00e4valaisimet","link":"https:\/\/light24.lv\/fi\/product-category\/siseruumide_valgustid\/"},{"label":"Sein\u00e4valot","link":"https:\/\/light24.lv\/fi\/product-category\/siseruumide_valgustid\/seinavalgustid\/"},{"label":"Aldex HOLM WALL S 2*E14","link":"https:\/\/light24.lv\/fi\/toode\/siseruumide_valgustid\/rippvalgustid\/holm-wall-black-s\/"}],"_links":{"self":[{"href":"https:\/\/light24.lv\/fi\/wp-json\/wp\/v2\/product\/132411","targetHints":{"allow":["GET"]}}],"collection":[{"href":"https:\/\/light24.lv\/fi\/wp-json\/wp\/v2\/product"}],"about":[{"href":"https:\/\/light24.lv\/fi\/wp-json\/wp\/v2\/types\/product"}],"replies":[{"embeddable":true,"href":"https:\/\/light24.lv\/fi\/wp-json\/wp\/v2\/comments?post=132411"}],"wp:featuredmedia":[{"embeddable":true,"href":"https:\/\/light24.lv\/fi\/wp-json\/wp\/v2\/media\/142010"}],"wp:attachment":[{"href":"https:\/\/light24.lv\/fi\/wp-json\/wp\/v2\/media?parent=132411"}],"wp:term":[{"taxonomy":"product_cat","embeddable":true,"href":"https:\/\/light24.lv\/fi\/wp-json\/wp\/v2\/product_cat?post=132411"},{"taxonomy":"product_tag","embeddable":true,"href":"https:\/\/light24.lv\/fi\/wp-json\/wp\/v2\/product_tag?post=132411"}],"curies":[{"name":"wp","href":"https:\/\/api.w.org\/{rel}","templated":true}]}}