{"id":76049,"date":"2021-01-01T12:20:09","date_gmt":"2021-01-01T10:20:09","guid":{"rendered":"https:\/\/www.light24.ee\/?post_type=product&#038;p=76049"},"modified":"2025-01-28T11:17:41","modified_gmt":"2025-01-28T09:17:41","slug":"led-driver-15w-500ma-dimmable","status":"publish","type":"product","link":"https:\/\/light24.lv\/fi\/toode\/led-valgustid\/toiteplokid\/led-driver-15w-500ma-dimmable\/","title":{"rendered":"Slv LED driver 15W 500mA  dim"},"content":{"rendered":"<p><a href=\"https:\/\/www.light24.ee\/fi\/brands\/slv\/\"><img decoding=\"async\" class=\"alignnone wp-image-34099 size-full\" src=\"https:\/\/www.light24.ee\/wp-content\/uploads\/2013\/10\/SLV-logo-II.jpg\" alt=\"\" width=\"183\" height=\"113\" \/><\/a><\/p>","protected":false},"excerpt":{"rendered":"","protected":false},"featured_media":76050,"comment_status":"closed","ping_status":"closed","template":"","meta":{"_acf_changed":false},"product_cat":[264,267],"product_tag":[521],"class_list":{"0":"post-76049","1":"product","2":"type-product","3":"status-publish","4":"has-post-thumbnail","6":"product_cat-led-valgustid","7":"product_cat-toiteplokid","8":"product_tag-slv","9":"product_shipping_class-small","10":"pa_ruumid-kaubanduspinnad","11":"pa_ruumid-elutuba","12":"pa_ruumid-soogituba","13":"pa_ruumid-magamistuba","14":"pa_ruumid-kook","15":"pa_ruumid-esik_ja_trepihall","16":"pa_ruumid-kodukontor","17":"pa_ruumid-lastetuba","18":"pa_ruumid-vannituba","19":"pa_ruumid-oueala","20":"pa_ruumid-terrass","21":"pa_ruumid-fassaad","22":"pa_ruumid-aed","23":"pa_ruumid-aiatee","24":"pa_ruumid-buroo","25":"pa_ruumid-galerii","26":"pa_ruumid-linnatanav","27":"pa_ruumid-park","28":"pa_ruumid-hoone","29":"pa_ruumid-haljasala","30":"pa_tarneaeg-10-paeva","31":"pa_tehnilised-andmed-15w-500ma-dim","33":"first","34":"instock","35":"taxable","36":"shipping-taxable","37":"purchasable","38":"product-type-simple"},"acf":[],"aioseo_notices":[],"aioseo_head":"\n\t\t<!-- All in One SEO Pro 4.9.6.2 - aioseo.com -->\n\t<meta name=\"description\" content=\"Anteeksi, mutta t\u00e4m\u00e4 kirjoitus on saatavana ainoastaan n\u00e4ill\u00e4 kielill\u00e4: Eesti.\" \/>\n\t<meta name=\"robots\" content=\"max-image-preview:large\" \/>\n\t<meta name=\"google-site-verification\" content=\"nxgDPK3Ouk6bwvuxlwlzeMOKszmf-8m57RDu5zAgN-Y\" \/>\n\t<link rel=\"canonical\" href=\"https:\/\/light24.lv\/fi\/toode\/led-valgustid\/toiteplokid\/led-driver-15w-500ma-dimmable\/\" \/>\n\t<meta name=\"generator\" content=\"All in One SEO Pro (AIOSEO) 4.9.6.2\" \/>\n\t\t<meta property=\"og:locale\" content=\"fi_FI\" \/>\n\t\t<meta property=\"og:site_name\" content=\"Light24 \u2022 Valon tavaratalo | Ammatillinen valaistusratkaisut\" \/>\n\t\t<meta property=\"og:type\" content=\"article\" \/>\n\t\t<meta property=\"og:title\" content=\"Slv LED driver 15W 500mA dim \u2022 Light24\" \/>\n\t\t<meta property=\"og:description\" content=\"Anteeksi, mutta t\u00e4m\u00e4 kirjoitus on saatavana ainoastaan n\u00e4ill\u00e4 kielill\u00e4: Eesti.\" \/>\n\t\t<meta property=\"og:url\" content=\"https:\/\/light24.lv\/fi\/toode\/led-valgustid\/toiteplokid\/led-driver-15w-500ma-dimmable\/\" \/>\n\t\t<meta property=\"og:image\" content=\"https:\/\/light24.lv\/wp-content\/uploads\/2021\/01\/464144.jpg\" \/>\n\t\t<meta property=\"og:image:secure_url\" content=\"https:\/\/light24.lv\/wp-content\/uploads\/2021\/01\/464144.jpg\" \/>\n\t\t<meta property=\"og:image:width\" content=\"750\" \/>\n\t\t<meta property=\"og:image:height\" content=\"750\" \/>\n\t\t<meta property=\"article:published_time\" content=\"2021-01-01T10:20:09+00:00\" \/>\n\t\t<meta property=\"article:modified_time\" content=\"2025-01-28T09:17:41+00:00\" \/>\n\t\t<meta property=\"article:publisher\" content=\"https:\/\/www.facebook.com\/light24.ee\" \/>\n\t\t<meta name=\"twitter:card\" content=\"summary\" \/>\n\t\t<meta name=\"twitter:title\" content=\"Slv LED driver 15W 500mA dim \u2022 Light24\" \/>\n\t\t<meta name=\"twitter:description\" content=\"Anteeksi, mutta t\u00e4m\u00e4 kirjoitus on saatavana ainoastaan n\u00e4ill\u00e4 kielill\u00e4: Eesti.\" \/>\n\t\t<meta name=\"twitter:image\" content=\"https:\/\/light24.lv\/wp-content\/uploads\/2021\/01\/464144.jpg\" \/>\n\t\t<script type=\"application\/ld+json\" class=\"aioseo-schema\">\n\t\t\t{\"@context\":\"https:\\\/\\\/schema.org\",\"@graph\":[{\"@type\":\"BreadcrumbList\",\"@id\":\"https:\\\/\\\/light24.lv\\\/fi\\\/toode\\\/led-valgustid\\\/toiteplokid\\\/led-driver-15w-500ma-dimmable\\\/#breadcrumblist\",\"itemListElement\":[{\"@type\":\"ListItem\",\"@id\":\"https:\\\/\\\/light24.lv\\\/fi#listItem\",\"position\":1,\"name\":\"Home\",\"item\":\"https:\\\/\\\/light24.lv\\\/fi\",\"nextItem\":{\"@type\":\"ListItem\",\"@id\":\"https:\\\/\\\/light24.lv\\\/fi\\\/shop\\\/#listItem\",\"name\":\"Verkkokauppa\"}},{\"@type\":\"ListItem\",\"@id\":\"https:\\\/\\\/light24.lv\\\/fi\\\/shop\\\/#listItem\",\"position\":2,\"name\":\"Verkkokauppa\",\"item\":\"https:\\\/\\\/light24.lv\\\/fi\\\/shop\\\/\",\"nextItem\":{\"@type\":\"ListItem\",\"@id\":\"https:\\\/\\\/light24.lv\\\/fi\\\/product-category\\\/led-valgustid\\\/#listItem\",\"name\":\"LED valaistus\"},\"previousItem\":{\"@type\":\"ListItem\",\"@id\":\"https:\\\/\\\/light24.lv\\\/fi#listItem\",\"name\":\"Home\"}},{\"@type\":\"ListItem\",\"@id\":\"https:\\\/\\\/light24.lv\\\/fi\\\/product-category\\\/led-valgustid\\\/#listItem\",\"position\":3,\"name\":\"LED valaistus\",\"item\":\"https:\\\/\\\/light24.lv\\\/fi\\\/product-category\\\/led-valgustid\\\/\",\"nextItem\":{\"@type\":\"ListItem\",\"@id\":\"https:\\\/\\\/light24.lv\\\/fi\\\/product-category\\\/led-valgustid\\\/toiteplokid\\\/#listItem\",\"name\":\"Toiteplokid\"},\"previousItem\":{\"@type\":\"ListItem\",\"@id\":\"https:\\\/\\\/light24.lv\\\/fi\\\/shop\\\/#listItem\",\"name\":\"Verkkokauppa\"}},{\"@type\":\"ListItem\",\"@id\":\"https:\\\/\\\/light24.lv\\\/fi\\\/product-category\\\/led-valgustid\\\/toiteplokid\\\/#listItem\",\"position\":4,\"name\":\"Toiteplokid\",\"item\":\"https:\\\/\\\/light24.lv\\\/fi\\\/product-category\\\/led-valgustid\\\/toiteplokid\\\/\",\"nextItem\":{\"@type\":\"ListItem\",\"@id\":\"https:\\\/\\\/light24.lv\\\/fi\\\/toode\\\/led-valgustid\\\/toiteplokid\\\/led-driver-15w-500ma-dimmable\\\/#listItem\",\"name\":\"Slv LED driver 15W 500mA  dim\"},\"previousItem\":{\"@type\":\"ListItem\",\"@id\":\"https:\\\/\\\/light24.lv\\\/fi\\\/product-category\\\/led-valgustid\\\/#listItem\",\"name\":\"LED valaistus\"}},{\"@type\":\"ListItem\",\"@id\":\"https:\\\/\\\/light24.lv\\\/fi\\\/toode\\\/led-valgustid\\\/toiteplokid\\\/led-driver-15w-500ma-dimmable\\\/#listItem\",\"position\":5,\"name\":\"Slv LED driver 15W 500mA  dim\",\"previousItem\":{\"@type\":\"ListItem\",\"@id\":\"https:\\\/\\\/light24.lv\\\/fi\\\/product-category\\\/led-valgustid\\\/toiteplokid\\\/#listItem\",\"name\":\"Toiteplokid\"}}]},{\"@type\":\"Organization\",\"@id\":\"https:\\\/\\\/light24.lv\\\/fi\\\/#organization\",\"name\":\"Light24\",\"description\":\"Valon tavaratalo | Ammatillinen valaistusratkaisut\",\"url\":\"https:\\\/\\\/light24.lv\\\/fi\\\/\",\"telephone\":\"+3725184133\",\"logo\":{\"@type\":\"ImageObject\",\"url\":\"https:\\\/\\\/www.light24.ee\\\/wp-content\\\/uploads\\\/2022\\\/03\\\/Shape-2-3.svg\",\"@id\":\"https:\\\/\\\/light24.lv\\\/fi\\\/toode\\\/led-valgustid\\\/toiteplokid\\\/led-driver-15w-500ma-dimmable\\\/#organizationLogo\"},\"image\":{\"@id\":\"https:\\\/\\\/light24.lv\\\/fi\\\/toode\\\/led-valgustid\\\/toiteplokid\\\/led-driver-15w-500ma-dimmable\\\/#organizationLogo\"},\"sameAs\":[\"https:\\\/\\\/www.facebook.com\\\/light24.ee\",\"https:\\\/\\\/www.instagram.com\\\/light24official\\\/\"]},{\"@type\":\"Product\",\"@id\":\"https:\\\/\\\/light24.lv\\\/fi\\\/toode\\\/led-valgustid\\\/toiteplokid\\\/led-driver-15w-500ma-dimmable\\\/#wooCommerceProduct\",\"name\":\"Slv LED driver 15W 500mA  dim\",\"url\":\"https:\\\/\\\/light24.lv\\\/fi\\\/toode\\\/led-valgustid\\\/toiteplokid\\\/led-driver-15w-500ma-dimmable\\\/\",\"sku\":\"SLV211036\",\"image\":{\"@type\":\"ImageObject\",\"url\":\"https:\\\/\\\/light24.lv\\\/wp-content\\\/uploads\\\/2021\\\/01\\\/464144.jpg\",\"@id\":\"https:\\\/\\\/light24.lv\\\/fi\\\/toode\\\/led-valgustid\\\/toiteplokid\\\/led-driver-15w-500ma-dimmable\\\/#productImage\",\"width\":750,\"height\":750},\"offers\":{\"@type\":\"Offer\",\"url\":\"https:\\\/\\\/light24.lv\\\/fi\\\/toode\\\/led-valgustid\\\/toiteplokid\\\/led-driver-15w-500ma-dimmable\\\/#wooCommerceOffer\",\"price\":38,\"priceCurrency\":\"EUR\",\"category\":\"LED valaistus\",\"availability\":\"https:\\\/\\\/schema.org\\\/InStock\",\"priceSpecification\":{\"@type\":\"PriceSpecification\",\"price\":38,\"priceCurrency\":\"EUR\",\"valueAddedTaxIncluded\":\"true\"},\"seller\":{\"@type\":\"Organization\",\"@id\":\"https:\\\/\\\/light24.lv\\\/fi\\\/#organization\"}}},{\"@type\":\"WebPage\",\"@id\":\"https:\\\/\\\/light24.lv\\\/fi\\\/toode\\\/led-valgustid\\\/toiteplokid\\\/led-driver-15w-500ma-dimmable\\\/#webpage\",\"url\":\"https:\\\/\\\/light24.lv\\\/fi\\\/toode\\\/led-valgustid\\\/toiteplokid\\\/led-driver-15w-500ma-dimmable\\\/\",\"name\":\"Slv LED driver 15W 500mA dim \\u2022 Light24\",\"description\":\"Anteeksi, mutta t\\u00e4m\\u00e4 kirjoitus on saatavana ainoastaan n\\u00e4ill\\u00e4 kielill\\u00e4: Eesti.\",\"inLanguage\":\"fi\",\"isPartOf\":{\"@id\":\"https:\\\/\\\/light24.lv\\\/fi\\\/#website\"},\"breadcrumb\":{\"@id\":\"https:\\\/\\\/light24.lv\\\/fi\\\/toode\\\/led-valgustid\\\/toiteplokid\\\/led-driver-15w-500ma-dimmable\\\/#breadcrumblist\"},\"image\":{\"@type\":\"ImageObject\",\"url\":\"https:\\\/\\\/light24.lv\\\/wp-content\\\/uploads\\\/2021\\\/01\\\/464144.jpg\",\"@id\":\"https:\\\/\\\/light24.lv\\\/fi\\\/toode\\\/led-valgustid\\\/toiteplokid\\\/led-driver-15w-500ma-dimmable\\\/#mainImage\",\"width\":750,\"height\":750},\"primaryImageOfPage\":{\"@id\":\"https:\\\/\\\/light24.lv\\\/fi\\\/toode\\\/led-valgustid\\\/toiteplokid\\\/led-driver-15w-500ma-dimmable\\\/#mainImage\"},\"datePublished\":\"2021-01-01T12:20:09+02:00\",\"dateModified\":\"2025-01-28T11:17:41+02:00\"},{\"@type\":\"WebSite\",\"@id\":\"https:\\\/\\\/light24.lv\\\/fi\\\/#website\",\"url\":\"https:\\\/\\\/light24.lv\\\/fi\\\/\",\"name\":\"Light24\",\"description\":\"Valon tavaratalo | Ammatillinen valaistusratkaisut\",\"inLanguage\":\"fi\",\"publisher\":{\"@id\":\"https:\\\/\\\/light24.lv\\\/fi\\\/#organization\"}}]}\n\t\t<\/script>\n\t\t<!-- All in One SEO Pro -->\r\n\t\t<title>Slv LED driver 15W 500mA dim \u2022 Light24<\/title>\n\n","aioseo_head_json":{"title":"Slv LED driver 15W 500mA dim \u2022 Light24","description":"Anteeksi, mutta t\u00e4m\u00e4 kirjoitus on saatavana ainoastaan n\u00e4ill\u00e4 kielill\u00e4: Eesti.","canonical_url":"https:\/\/light24.lv\/fi\/toode\/led-valgustid\/toiteplokid\/led-driver-15w-500ma-dimmable\/","robots":"max-image-preview:large","keywords":"","webmasterTools":{"google-site-verification":"nxgDPK3Ouk6bwvuxlwlzeMOKszmf-8m57RDu5zAgN-Y","miscellaneous":""},"schema":{"@context":"https:\/\/schema.org","@graph":[{"@type":"BreadcrumbList","@id":"https:\/\/light24.lv\/fi\/toode\/led-valgustid\/toiteplokid\/led-driver-15w-500ma-dimmable\/#breadcrumblist","itemListElement":[{"@type":"ListItem","@id":"https:\/\/light24.lv\/fi#listItem","position":1,"name":"Home","item":"https:\/\/light24.lv\/fi","nextItem":{"@type":"ListItem","@id":"https:\/\/light24.lv\/fi\/shop\/#listItem","name":"Verkkokauppa"}},{"@type":"ListItem","@id":"https:\/\/light24.lv\/fi\/shop\/#listItem","position":2,"name":"Verkkokauppa","item":"https:\/\/light24.lv\/fi\/shop\/","nextItem":{"@type":"ListItem","@id":"https:\/\/light24.lv\/fi\/product-category\/led-valgustid\/#listItem","name":"LED valaistus"},"previousItem":{"@type":"ListItem","@id":"https:\/\/light24.lv\/fi#listItem","name":"Home"}},{"@type":"ListItem","@id":"https:\/\/light24.lv\/fi\/product-category\/led-valgustid\/#listItem","position":3,"name":"LED valaistus","item":"https:\/\/light24.lv\/fi\/product-category\/led-valgustid\/","nextItem":{"@type":"ListItem","@id":"https:\/\/light24.lv\/fi\/product-category\/led-valgustid\/toiteplokid\/#listItem","name":"Toiteplokid"},"previousItem":{"@type":"ListItem","@id":"https:\/\/light24.lv\/fi\/shop\/#listItem","name":"Verkkokauppa"}},{"@type":"ListItem","@id":"https:\/\/light24.lv\/fi\/product-category\/led-valgustid\/toiteplokid\/#listItem","position":4,"name":"Toiteplokid","item":"https:\/\/light24.lv\/fi\/product-category\/led-valgustid\/toiteplokid\/","nextItem":{"@type":"ListItem","@id":"https:\/\/light24.lv\/fi\/toode\/led-valgustid\/toiteplokid\/led-driver-15w-500ma-dimmable\/#listItem","name":"Slv LED driver 15W 500mA  dim"},"previousItem":{"@type":"ListItem","@id":"https:\/\/light24.lv\/fi\/product-category\/led-valgustid\/#listItem","name":"LED valaistus"}},{"@type":"ListItem","@id":"https:\/\/light24.lv\/fi\/toode\/led-valgustid\/toiteplokid\/led-driver-15w-500ma-dimmable\/#listItem","position":5,"name":"Slv LED driver 15W 500mA  dim","previousItem":{"@type":"ListItem","@id":"https:\/\/light24.lv\/fi\/product-category\/led-valgustid\/toiteplokid\/#listItem","name":"Toiteplokid"}}]},{"@type":"Organization","@id":"https:\/\/light24.lv\/fi\/#organization","name":"Light24","description":"Valon tavaratalo | Ammatillinen valaistusratkaisut","url":"https:\/\/light24.lv\/fi\/","telephone":"+3725184133","logo":{"@type":"ImageObject","url":"https:\/\/www.light24.ee\/wp-content\/uploads\/2022\/03\/Shape-2-3.svg","@id":"https:\/\/light24.lv\/fi\/toode\/led-valgustid\/toiteplokid\/led-driver-15w-500ma-dimmable\/#organizationLogo"},"image":{"@id":"https:\/\/light24.lv\/fi\/toode\/led-valgustid\/toiteplokid\/led-driver-15w-500ma-dimmable\/#organizationLogo"},"sameAs":["https:\/\/www.facebook.com\/light24.ee","https:\/\/www.instagram.com\/light24official\/"]},{"@type":"Product","@id":"https:\/\/light24.lv\/fi\/toode\/led-valgustid\/toiteplokid\/led-driver-15w-500ma-dimmable\/#wooCommerceProduct","name":"Slv LED driver 15W 500mA  dim","url":"https:\/\/light24.lv\/fi\/toode\/led-valgustid\/toiteplokid\/led-driver-15w-500ma-dimmable\/","sku":"SLV211036","image":{"@type":"ImageObject","url":"https:\/\/light24.lv\/wp-content\/uploads\/2021\/01\/464144.jpg","@id":"https:\/\/light24.lv\/fi\/toode\/led-valgustid\/toiteplokid\/led-driver-15w-500ma-dimmable\/#productImage","width":750,"height":750},"offers":{"@type":"Offer","url":"https:\/\/light24.lv\/fi\/toode\/led-valgustid\/toiteplokid\/led-driver-15w-500ma-dimmable\/#wooCommerceOffer","price":38,"priceCurrency":"EUR","category":"LED valaistus","availability":"https:\/\/schema.org\/InStock","priceSpecification":{"@type":"PriceSpecification","price":38,"priceCurrency":"EUR","valueAddedTaxIncluded":"true"},"seller":{"@type":"Organization","@id":"https:\/\/light24.lv\/fi\/#organization"}}},{"@type":"WebPage","@id":"https:\/\/light24.lv\/fi\/toode\/led-valgustid\/toiteplokid\/led-driver-15w-500ma-dimmable\/#webpage","url":"https:\/\/light24.lv\/fi\/toode\/led-valgustid\/toiteplokid\/led-driver-15w-500ma-dimmable\/","name":"Slv LED driver 15W 500mA dim \u2022 Light24","description":"Anteeksi, mutta t\u00e4m\u00e4 kirjoitus on saatavana ainoastaan n\u00e4ill\u00e4 kielill\u00e4: Eesti.","inLanguage":"fi","isPartOf":{"@id":"https:\/\/light24.lv\/fi\/#website"},"breadcrumb":{"@id":"https:\/\/light24.lv\/fi\/toode\/led-valgustid\/toiteplokid\/led-driver-15w-500ma-dimmable\/#breadcrumblist"},"image":{"@type":"ImageObject","url":"https:\/\/light24.lv\/wp-content\/uploads\/2021\/01\/464144.jpg","@id":"https:\/\/light24.lv\/fi\/toode\/led-valgustid\/toiteplokid\/led-driver-15w-500ma-dimmable\/#mainImage","width":750,"height":750},"primaryImageOfPage":{"@id":"https:\/\/light24.lv\/fi\/toode\/led-valgustid\/toiteplokid\/led-driver-15w-500ma-dimmable\/#mainImage"},"datePublished":"2021-01-01T12:20:09+02:00","dateModified":"2025-01-28T11:17:41+02:00"},{"@type":"WebSite","@id":"https:\/\/light24.lv\/fi\/#website","url":"https:\/\/light24.lv\/fi\/","name":"Light24","description":"Valon tavaratalo | Ammatillinen valaistusratkaisut","inLanguage":"fi","publisher":{"@id":"https:\/\/light24.lv\/fi\/#organization"}}]},"og:locale":"fi_FI","og:site_name":"Light24 \u2022 Valon tavaratalo | Ammatillinen valaistusratkaisut","og:type":"article","og:title":"Slv LED driver 15W 500mA dim \u2022 Light24","og:description":"Anteeksi, mutta t\u00e4m\u00e4 kirjoitus on saatavana ainoastaan n\u00e4ill\u00e4 kielill\u00e4: Eesti.","og:url":"https:\/\/light24.lv\/fi\/toode\/led-valgustid\/toiteplokid\/led-driver-15w-500ma-dimmable\/","og:image":"https:\/\/light24.lv\/wp-content\/uploads\/2021\/01\/464144.jpg","og:image:secure_url":"https:\/\/light24.lv\/wp-content\/uploads\/2021\/01\/464144.jpg","og:image:width":750,"og:image:height":750,"article:published_time":"2021-01-01T10:20:09+00:00","article:modified_time":"2025-01-28T09:17:41+00:00","article:publisher":"https:\/\/www.facebook.com\/light24.ee","twitter:card":"summary","twitter:title":"Slv LED driver 15W 500mA dim \u2022 Light24","twitter:description":"Anteeksi, mutta t\u00e4m\u00e4 kirjoitus on saatavana ainoastaan n\u00e4ill\u00e4 kielill\u00e4: Eesti.","twitter:image":"https:\/\/light24.lv\/wp-content\/uploads\/2021\/01\/464144.jpg"},"aioseo_meta_data":{"post_id":"76049","title":null,"description":null,"keywords":null,"keyphrases":{"focus":{"keyphrase":"","score":0,"analysis":{"keyphraseInTitle":{"score":0,"maxScore":9,"error":1}}},"additional":[]},"primary_term":null,"canonical_url":null,"og_title":null,"og_description":null,"og_object_type":"default","og_image_type":"default","og_image_url":null,"og_image_width":null,"og_image_height":null,"og_image_custom_url":null,"og_image_custom_fields":null,"og_video":"","og_custom_url":null,"og_article_section":null,"og_article_tags":null,"twitter_use_og":false,"twitter_card":"default","twitter_image_type":"default","twitter_image_url":null,"twitter_image_custom_url":null,"twitter_image_custom_fields":null,"twitter_title":null,"twitter_description":null,"schema":{"blockGraphs":[],"customGraphs":[],"default":{"data":{"Article":[],"Course":[],"Dataset":[],"FAQPage":[],"Movie":[],"Person":[],"Product":[],"ProductReview":[],"Car":[],"Recipe":[],"Service":[],"SoftwareApplication":[],"WebPage":[]},"graphName":"Product","isEnabled":true},"graphs":[],"defaultGraph":"WebPage","defaultPostTypeGraph":""},"schema_type":"default","schema_type_options":"{\"article\":{\"articleType\":\"BlogPosting\"},\"course\":{\"name\":\"\",\"description\":\"\",\"provider\":\"\"},\"faq\":{\"pages\":[]},\"product\":{\"reviews\":[]},\"recipe\":{\"ingredients\":[],\"instructions\":[],\"keywords\":[]},\"software\":{\"reviews\":[],\"operatingSystems\":[]},\"webPage\":{\"webPageType\":\"WebPage\"}}","pillar_content":false,"robots_default":true,"robots_noindex":false,"robots_noarchive":false,"robots_nosnippet":false,"robots_nofollow":false,"robots_noimageindex":false,"robots_noodp":false,"robots_notranslate":false,"robots_max_snippet":"-1","robots_max_videopreview":"-1","robots_max_imagepreview":"large","priority":null,"frequency":"default","local_seo":null,"seo_analyzer_scan_date":"2025-10-26 22:49:33","breadcrumb_settings":null,"limit_modified_date":false,"reviewed_by":null,"open_ai":"{\"title\":{\"suggestions\":[],\"usage\":0},\"description\":{\"suggestions\":[],\"usage\":0}}","ai":null,"created":"2022-02-17 16:34:44","updated":"2025-10-26 22:49:33"},"aioseo_breadcrumb":"<div class=\"aioseo-breadcrumbs\"><span class=\"aioseo-breadcrumb\">\n\t<a href=\"https:\/\/light24.lv\/fi\" title=\"Home\">Home<\/a>\n<\/span><span class=\"aioseo-breadcrumb-separator\">&raquo;<\/span><span class=\"aioseo-breadcrumb\">\n\t<a href=\"https:\/\/light24.lv\/fi\/shop\/\" title=\"Verkkokauppa\">Verkkokauppa<\/a>\n<\/span><span class=\"aioseo-breadcrumb-separator\">&raquo;<\/span><span class=\"aioseo-breadcrumb\">\n\t<a href=\"https:\/\/light24.lv\/fi\/product-category\/led-valgustid\/\" title=\"LED valaistus\">LED valaistus<\/a>\n<\/span><span class=\"aioseo-breadcrumb-separator\">&raquo;<\/span><span class=\"aioseo-breadcrumb\">\n\t<a href=\"https:\/\/light24.lv\/fi\/product-category\/led-valgustid\/toiteplokid\/\" title=\"Toiteplokid\">Toiteplokid<\/a>\n<\/span><span class=\"aioseo-breadcrumb-separator\">&raquo;<\/span><span class=\"aioseo-breadcrumb\">\n\tSlv LED driver 15W 500mA  dim\n<\/span><\/div>","aioseo_breadcrumb_json":[{"label":"Home","link":"https:\/\/light24.lv\/fi"},{"label":"Verkkokauppa","link":"https:\/\/light24.lv\/fi\/shop\/"},{"label":"LED valaistus","link":"https:\/\/light24.lv\/fi\/product-category\/led-valgustid\/"},{"label":"Toiteplokid","link":"https:\/\/light24.lv\/fi\/product-category\/led-valgustid\/toiteplokid\/"},{"label":"Slv LED driver 15W 500mA  dim","link":"https:\/\/light24.lv\/fi\/toode\/led-valgustid\/toiteplokid\/led-driver-15w-500ma-dimmable\/"}],"_links":{"self":[{"href":"https:\/\/light24.lv\/fi\/wp-json\/wp\/v2\/product\/76049","targetHints":{"allow":["GET"]}}],"collection":[{"href":"https:\/\/light24.lv\/fi\/wp-json\/wp\/v2\/product"}],"about":[{"href":"https:\/\/light24.lv\/fi\/wp-json\/wp\/v2\/types\/product"}],"replies":[{"embeddable":true,"href":"https:\/\/light24.lv\/fi\/wp-json\/wp\/v2\/comments?post=76049"}],"wp:featuredmedia":[{"embeddable":true,"href":"https:\/\/light24.lv\/fi\/wp-json\/wp\/v2\/media\/76050"}],"wp:attachment":[{"href":"https:\/\/light24.lv\/fi\/wp-json\/wp\/v2\/media?parent=76049"}],"wp:term":[{"taxonomy":"product_cat","embeddable":true,"href":"https:\/\/light24.lv\/fi\/wp-json\/wp\/v2\/product_cat?post=76049"},{"taxonomy":"product_tag","embeddable":true,"href":"https:\/\/light24.lv\/fi\/wp-json\/wp\/v2\/product_tag?post=76049"}],"curies":[{"name":"wp","href":"https:\/\/api.w.org\/{rel}","templated":true}]}}